{"id":71,"date":"2025-04-07T13:32:07","date_gmt":"2025-04-07T11:32:07","guid":{"rendered":"https:\/\/www.smperinatal.com\/?page_id=71"},"modified":"2025-09-25T10:55:37","modified_gmt":"2025-09-25T08:55:37","slug":"contacto","status":"publish","type":"page","link":"https:\/\/www.smperinatal.com\/index.php\/contacto\/","title":{"rendered":"Contacto"},"content":{"rendered":"\n<div class=\"wp-block-group alignfull has-global-padding is-layout-constrained wp-block-group-is-layout-constrained\" style=\"margin-top:var(--wp--preset--spacing--50);margin-bottom:var(--wp--preset--spacing--50)\">\n<div class=\"wp-block-group alignwide is-vertical is-content-justification-center is-layout-flex wp-container-core-group-is-layout-92257659 wp-block-group-is-layout-flex\" style=\"margin-top:0;margin-bottom:0\">\n<h1 class=\"wp-block-heading\">Contacto<\/h1>\n\n\n\n<div class=\"wp-block-group is-vertical is-layout-flex wp-container-core-group-is-layout-fe9cc265 wp-block-group-is-layout-flex\">\n<div class=\"wp-block-columns is-layout-flex wp-container-core-columns-is-layout-28f84493 wp-block-columns-is-layout-flex\">\n<div class=\"wp-block-column is-layout-flow wp-block-column-is-layout-flow\" style=\"flex-basis:70%\">\n<div class=\"wp-block-group has-global-padding is-layout-constrained wp-block-group-is-layout-constrained\">\n<p>Puedes solicitar cita online o presencial en M\u00e1laga.<\/p>\n\n\n\n<p>Para cualquier duda o pedir cita, <strong>escr\u00edbeme por WhatsApp<\/strong> o a trav\u00e9s del siguiente formulario<\/p>\n<\/div>\n<\/div>\n\n\n\n<div class=\"wp-block-column is-vertically-aligned-center is-layout-flow wp-block-column-is-layout-flow\" style=\"flex-basis:30%\">\n<div class=\"wp-block-buttons is-content-justification-center is-layout-flex wp-container-core-buttons-is-layout-a89b3969 wp-block-buttons-is-layout-flex\">\n<div class=\"wp-block-button is-style-outline is-style-outline--1\"><a class=\"wp-block-button__link has-text-color has-link-color wp-element-button\" href=\"https:\/\/wa.me\/34744784204\" style=\"color:#25d366\">Escr\u00edbeme por WhatsApp<\/a><\/div>\n<\/div>\n\n\n\n<div class=\"wp-block-group has-accent-4-background-color has-background has-global-padding is-layout-constrained wp-container-core-group-is-layout-11c1ca01 wp-block-group-is-layout-constrained\" style=\"border-radius:16px;padding-right:var(--wp--preset--spacing--50);padding-left:var(--wp--preset--spacing--50)\">\n<figure class=\"wp-block-image size-full is-resized\"><img loading=\"lazy\" decoding=\"async\" width=\"322\" height=\"57\" src=\"https:\/\/www.smperinatal.com\/wp-content\/uploads\/2025\/09\/telefono.png\" alt=\"\" class=\"wp-image-431\" style=\"width:215px;height:auto\" srcset=\"https:\/\/www.smperinatal.com\/wp-content\/uploads\/2025\/09\/telefono.png 322w, https:\/\/www.smperinatal.com\/wp-content\/uploads\/2025\/09\/telefono-300x53.png 300w\" sizes=\"auto, (max-width: 322px) 100vw, 322px\" \/><\/figure>\n<\/div>\n<\/div>\n<\/div>\n<\/div>\n<\/div>\n<\/div>\n\n\n\n<div class=\"wp-block-group alignfull has-global-padding is-layout-constrained wp-block-group-is-layout-constrained\">\n<div class=\"wp-block-columns alignwide is-layout-flex wp-container-core-columns-is-layout-28f84493 wp-block-columns-is-layout-flex\">\n<div class=\"wp-block-column is-layout-flow wp-block-column-is-layout-flow\" style=\"border-radius:16px;flex-basis:40%\">\n<div class=\"wp-block-group alignfull has-accent-4-background-color has-background has-global-padding is-layout-constrained wp-container-core-group-is-layout-0633c792 wp-block-group-is-layout-constrained\" style=\"border-radius:16px;padding-top:var(--wp--preset--spacing--50);padding-bottom:var(--wp--preset--spacing--50)\">\n<h2 class=\"wp-block-heading has-text-align-center\">Consulta online:<\/h2>\n\n\n\n<div class=\"wp-block-group alignfull has-global-padding is-content-justification-center is-layout-constrained wp-block-group-is-layout-constrained\">\n<div class=\"wpcf7 no-js\" id=\"wpcf7-f102-o1\" lang=\"en-US\" dir=\"ltr\" data-wpcf7-id=\"102\">\n<div class=\"screen-reader-response\"><p role=\"status\" aria-live=\"polite\" aria-atomic=\"true\"><\/p> <ul><\/ul><\/div>\n<form action=\"\/index.php\/wp-json\/wp\/v2\/pages\/71#wpcf7-f102-o1\" method=\"post\" class=\"wpcf7-form init\" aria-label=\"Contact form\" novalidate=\"novalidate\" data-status=\"init\">\n<fieldset class=\"hidden-fields-container\"><input type=\"hidden\" name=\"_wpcf7\" value=\"102\" \/><input type=\"hidden\" name=\"_wpcf7_version\" value=\"6.1\" \/><input type=\"hidden\" name=\"_wpcf7_locale\" value=\"en_US\" \/><input type=\"hidden\" name=\"_wpcf7_unit_tag\" value=\"wpcf7-f102-o1\" \/><input type=\"hidden\" name=\"_wpcf7_container_post\" value=\"0\" \/><input type=\"hidden\" name=\"_wpcf7_posted_data_hash\" value=\"\" \/>\n<\/fieldset>\n<p><label> Nombre<br \/>\n<span class=\"wpcf7-form-control-wrap\" data-name=\"your-name\"><input size=\"40\" maxlength=\"400\" class=\"wpcf7-form-control wpcf7-text wpcf7-validates-as-required\" autocomplete=\"name\" aria-required=\"true\" aria-invalid=\"false\" value=\"\" type=\"text\" name=\"your-name\" \/><\/span> <\/label>\n<\/p>\n<p><label> Email<br \/>\n<span class=\"wpcf7-form-control-wrap\" data-name=\"your-email\"><input size=\"40\" maxlength=\"400\" class=\"wpcf7-form-control wpcf7-email wpcf7-validates-as-required wpcf7-text wpcf7-validates-as-email\" autocomplete=\"email\" aria-required=\"true\" aria-invalid=\"false\" value=\"\" type=\"email\" name=\"your-email\" \/><\/span> <\/label>\n<\/p>\n<p><label> Asunto<br \/>\n<span class=\"wpcf7-form-control-wrap\" data-name=\"your-subject\"><input size=\"40\" maxlength=\"400\" class=\"wpcf7-form-control wpcf7-text wpcf7-validates-as-required\" aria-required=\"true\" aria-invalid=\"false\" value=\"\" type=\"text\" name=\"your-subject\" \/><\/span> <\/label>\n<\/p>\n<p><label> Mensaje<br \/>\n<span class=\"wpcf7-form-control-wrap\" data-name=\"your-message\"><textarea cols=\"40\" rows=\"10\" maxlength=\"2000\" class=\"wpcf7-form-control wpcf7-textarea\" aria-invalid=\"false\" name=\"your-message\"><\/textarea><\/span> <\/label>\n<\/p>\n<p><input class=\"wpcf7-form-control wpcf7-submit has-spinner\" type=\"submit\" value=\"Enviar\" \/>\n<\/p><p style=\"display: none !important;\" class=\"akismet-fields-container\" data-prefix=\"_wpcf7_ak_\"><label>&#916;<textarea name=\"_wpcf7_ak_hp_textarea\" cols=\"45\" rows=\"8\" maxlength=\"100\"><\/textarea><\/label><input type=\"hidden\" id=\"ak_js_1\" name=\"_wpcf7_ak_js\" value=\"115\"\/><script>document.getElementById( \"ak_js_1\" ).setAttribute( \"value\", ( new Date() ).getTime() );<\/script><\/p><div class=\"wpcf7-response-output\" aria-hidden=\"true\"><\/div>\n<\/form>\n<\/div>\n\n<\/div>\n<\/div>\n<\/div>\n\n\n\n<div class=\"wp-block-column is-layout-flow wp-block-column-is-layout-flow\" style=\"border-radius:16px;flex-basis:60%\">\n<div class=\"wp-block-group alignfull has-accent-4-background-color has-background has-global-padding is-layout-constrained wp-container-core-group-is-layout-af6fdffe wp-block-group-is-layout-constrained\" style=\"border-radius:16px;margin-top:0;margin-bottom:0;padding-top:var(--wp--preset--spacing--50);padding-bottom:var(--wp--preset--spacing--50)\">\n<div class=\"wp-block-group alignwide has-global-padding is-content-justification-center is-layout-constrained wp-container-core-group-is-layout-47709e2f wp-block-group-is-layout-constrained\">\n<h2 class=\"wp-block-heading has-text-align-center\">Consulta presencial en M\u00e1laga<\/h2>\n\n\n\n<div class=\"wp-block-columns alignwide are-vertically-aligned-top is-layout-flex wp-container-core-columns-is-layout-28f84493 wp-block-columns-is-layout-flex\">\n<div class=\"wp-block-column is-vertically-aligned-top is-layout-flow wp-block-column-is-layout-flow\" style=\"flex-basis:50%\">\n<div class=\"wp-block-group has-global-padding is-layout-constrained wp-block-group-is-layout-constrained\">\n<h4 class=\"wp-block-heading\"><strong>EL PALO<\/strong><\/h4>\n\n\n\n<iframe src=\"https:\/\/www.google.com\/maps\/embed?pb=!1m18!1m12!1m3!1d4522.690967603251!2d-4.364582670200018!3d36.72194995075416!2m3!1f0!2f0!3f0!3m2!1i1024!2i768!4f13.1!3m3!1m2!1s0xd72583794cd6c9b%3A0xd7f23448bb63d32e!2sCentro%20Mi%20Matrona%20M%C3%A1laga%20El%20Palo!5e0!3m2!1ses!2ses!4v1744206313563!5m2!1ses!2ses\" width=\"600\" height=\"450\" style=\"border:0;\" allowfullscreen=\"\" loading=\"lazy\" referrerpolicy=\"no-referrer-when-downgrade\"><\/iframe>\n\n\n\n<p class=\"has-medium-font-size\"><strong><strong>CENTRO MI MATRONA M\u00e1laga&nbsp; &#8211; El Palo<\/strong><\/strong><br>952 291 342 o 686 130 432<br>Avenida Juan Sebasti\u00e1n Elcano 139, 1B (29017)&nbsp;M\u00e1laga<\/p>\n<\/div>\n<\/div>\n\n\n\n<div class=\"wp-block-column is-vertically-aligned-top is-layout-flow wp-block-column-is-layout-flow\" style=\"flex-basis:50%\">\n<div class=\"wp-block-group has-global-padding is-layout-constrained wp-block-group-is-layout-constrained\">\n<h4 class=\"wp-block-heading\"><strong>CENTRO <\/strong><\/h4>\n\n\n\n<iframe src=\"https:\/\/www.google.com\/maps\/embed?pb=!1m18!1m12!1m3!1d3198.291177729146!2d-4.421740725809724!3d36.71556756718208!2m3!1f0!2f0!3f0!3m2!1i1024!2i768!4f13.1!3m3!1m2!1s0xd72f7938d44f41f%3A0x4ebd99bc6247a8ac!2sAvenida%20de%20Manuel%20Agust%C3%ADn%20Heredia%2C%2010%2C%203d%2C%20Distrito%20Centro%2C%2029001%20M%C3%A1laga!5e0!3m2!1ses!2ses!4v1744205834727!5m2!1ses!2ses\" width=\"600\" height=\"450\" style=\"border:0;\" allowfullscreen=\"\" loading=\"lazy\" referrerpolicy=\"no-referrer-when-downgrade\"><\/iframe>\n\n\n\n<p class=\"has-medium-font-size\"><strong>Centro CONFIA Unidad de Salud Mental Infanto Juvenil y de Neurodesarrollo<\/strong><br>951 73 54 41&nbsp;o&nbsp;641 74 78 05<br>Avenida de Manuel Agust\u00edn Heredia, 10, 3d, Distrito Centro, 29001 M\u00e1laga<\/p>\n<\/div>\n<\/div>\n<\/div>\n<\/div>\n<\/div>\n<\/div>\n<\/div>\n<\/div>\n","protected":false},"excerpt":{"rendered":"<p>Contacto Puedes solicitar cita online o presencial en M\u00e1laga. Para cualquier duda o pedir cita, escr\u00edbeme por WhatsApp o a trav\u00e9s del siguiente formulario Consulta online: Consulta presencial en M\u00e1laga EL PALO CENTRO MI MATRONA M\u00e1laga&nbsp; &#8211; El Palo952 291 342 o 686 130 432Avenida Juan Sebasti\u00e1n Elcano 139, 1B (29017)&nbsp;M\u00e1laga CENTRO Centro CONFIA Unidad [&hellip;]<\/p>\n","protected":false},"author":1,"featured_media":0,"parent":0,"menu_order":0,"comment_status":"closed","ping_status":"closed","template":"page-no-title","meta":{"footnotes":""},"class_list":["post-71","page","type-page","status-publish","hentry"],"yoast_head":"<!-- This site is optimized with the Yoast SEO plugin v25.5 - https:\/\/yoast.com\/wordpress\/plugins\/seo\/ -->\n<title>Contacto - Salud Mental Perinatal - Alicia Navarro Moreno<\/title>\n<meta name=\"robots\" content=\"index, follow, max-snippet:-1, max-image-preview:large, max-video-preview:-1\" \/>\n<link rel=\"canonical\" href=\"https:\/\/www.smperinatal.com\/index.php\/contacto\/\" \/>\n<meta property=\"og:locale\" content=\"en_US\" \/>\n<meta property=\"og:type\" content=\"article\" \/>\n<meta property=\"og:title\" content=\"Contacto - Salud Mental Perinatal - Alicia Navarro Moreno\" \/>\n<meta property=\"og:description\" content=\"Contacto Puedes solicitar cita online o presencial en M\u00e1laga. Para cualquier duda o pedir cita, escr\u00edbeme por WhatsApp o a trav\u00e9s del siguiente formulario Consulta online: Consulta presencial en M\u00e1laga EL PALO CENTRO MI MATRONA M\u00e1laga&nbsp; &#8211; El Palo952 291 342 o 686 130 432Avenida Juan Sebasti\u00e1n Elcano 139, 1B (29017)&nbsp;M\u00e1laga CENTRO Centro CONFIA Unidad [&hellip;]\" \/>\n<meta property=\"og:url\" content=\"https:\/\/www.smperinatal.com\/index.php\/contacto\/\" \/>\n<meta property=\"og:site_name\" content=\"Salud Mental Perinatal - Alicia Navarro Moreno\" \/>\n<meta property=\"article:modified_time\" content=\"2025-09-25T08:55:37+00:00\" \/>\n<meta property=\"og:image\" content=\"https:\/\/www.smperinatal.com\/wp-content\/uploads\/2025\/09\/telefono.png\" \/>\n<meta name=\"twitter:card\" content=\"summary_large_image\" \/>\n<meta name=\"twitter:label1\" content=\"Est. reading time\" \/>\n\t<meta name=\"twitter:data1\" content=\"1 minute\" \/>\n<script type=\"application\/ld+json\" class=\"yoast-schema-graph\">{\"@context\":\"https:\/\/schema.org\",\"@graph\":[{\"@type\":\"WebPage\",\"@id\":\"https:\/\/www.smperinatal.com\/index.php\/contacto\/\",\"url\":\"https:\/\/www.smperinatal.com\/index.php\/contacto\/\",\"name\":\"Contacto - Salud Mental Perinatal - Alicia Navarro Moreno\",\"isPartOf\":{\"@id\":\"https:\/\/www.smperinatal.com\/#website\"},\"primaryImageOfPage\":{\"@id\":\"https:\/\/www.smperinatal.com\/index.php\/contacto\/#primaryimage\"},\"image\":{\"@id\":\"https:\/\/www.smperinatal.com\/index.php\/contacto\/#primaryimage\"},\"thumbnailUrl\":\"https:\/\/www.smperinatal.com\/wp-content\/uploads\/2025\/09\/telefono.png\",\"datePublished\":\"2025-04-07T11:32:07+00:00\",\"dateModified\":\"2025-09-25T08:55:37+00:00\",\"breadcrumb\":{\"@id\":\"https:\/\/www.smperinatal.com\/index.php\/contacto\/#breadcrumb\"},\"inLanguage\":\"en-US\",\"potentialAction\":[{\"@type\":\"ReadAction\",\"target\":[\"https:\/\/www.smperinatal.com\/index.php\/contacto\/\"]}]},{\"@type\":\"ImageObject\",\"inLanguage\":\"en-US\",\"@id\":\"https:\/\/www.smperinatal.com\/index.php\/contacto\/#primaryimage\",\"url\":\"https:\/\/www.smperinatal.com\/wp-content\/uploads\/2025\/09\/telefono.png\",\"contentUrl\":\"https:\/\/www.smperinatal.com\/wp-content\/uploads\/2025\/09\/telefono.png\",\"width\":322,\"height\":57},{\"@type\":\"BreadcrumbList\",\"@id\":\"https:\/\/www.smperinatal.com\/index.php\/contacto\/#breadcrumb\",\"itemListElement\":[{\"@type\":\"ListItem\",\"position\":1,\"name\":\"Home\",\"item\":\"https:\/\/www.smperinatal.com\/\"},{\"@type\":\"ListItem\",\"position\":2,\"name\":\"Contacto\"}]},{\"@type\":\"WebSite\",\"@id\":\"https:\/\/www.smperinatal.com\/#website\",\"url\":\"https:\/\/www.smperinatal.com\/\",\"name\":\"Salud Mental Perinatal: Alicia Navarro Moreno Psiquiatra\",\"description\":\"Salud mental perinatal en M\u00e1laga: acompa\u00f1amiento emocional para madres y familias.\",\"publisher\":{\"@id\":\"https:\/\/www.smperinatal.com\/#\/schema\/person\/7706b2e33fca510bda6baf2504fd9c3f\"},\"potentialAction\":[{\"@type\":\"SearchAction\",\"target\":{\"@type\":\"EntryPoint\",\"urlTemplate\":\"https:\/\/www.smperinatal.com\/?s={search_term_string}\"},\"query-input\":{\"@type\":\"PropertyValueSpecification\",\"valueRequired\":true,\"valueName\":\"search_term_string\"}}],\"inLanguage\":\"en-US\"},{\"@type\":[\"Person\",\"Organization\"],\"@id\":\"https:\/\/www.smperinatal.com\/#\/schema\/person\/7706b2e33fca510bda6baf2504fd9c3f\",\"name\":\"Alicia\",\"image\":{\"@type\":\"ImageObject\",\"inLanguage\":\"en-US\",\"@id\":\"https:\/\/www.smperinatal.com\/#\/schema\/person\/image\/\",\"url\":\"https:\/\/www.smperinatal.com\/wp-content\/uploads\/2025\/04\/logo_smperinatal_alicia.png\",\"contentUrl\":\"https:\/\/www.smperinatal.com\/wp-content\/uploads\/2025\/04\/logo_smperinatal_alicia.png\",\"width\":1304,\"height\":400,\"caption\":\"Alicia\"},\"logo\":{\"@id\":\"https:\/\/www.smperinatal.com\/#\/schema\/person\/image\/\"},\"sameAs\":[\"http:\/\/www.smperinatal.com\"]}]}<\/script>\n<!-- \/ Yoast SEO plugin. -->","yoast_head_json":{"title":"Contacto - Salud Mental Perinatal - Alicia Navarro Moreno","robots":{"index":"index","follow":"follow","max-snippet":"max-snippet:-1","max-image-preview":"max-image-preview:large","max-video-preview":"max-video-preview:-1"},"canonical":"https:\/\/www.smperinatal.com\/index.php\/contacto\/","og_locale":"en_US","og_type":"article","og_title":"Contacto - Salud Mental Perinatal - Alicia Navarro Moreno","og_description":"Contacto Puedes solicitar cita online o presencial en M\u00e1laga. Para cualquier duda o pedir cita, escr\u00edbeme por WhatsApp o a trav\u00e9s del siguiente formulario Consulta online: Consulta presencial en M\u00e1laga EL PALO CENTRO MI MATRONA M\u00e1laga&nbsp; &#8211; El Palo952 291 342 o 686 130 432Avenida Juan Sebasti\u00e1n Elcano 139, 1B (29017)&nbsp;M\u00e1laga CENTRO Centro CONFIA Unidad [&hellip;]","og_url":"https:\/\/www.smperinatal.com\/index.php\/contacto\/","og_site_name":"Salud Mental Perinatal - Alicia Navarro Moreno","article_modified_time":"2025-09-25T08:55:37+00:00","og_image":[{"url":"https:\/\/www.smperinatal.com\/wp-content\/uploads\/2025\/09\/telefono.png","type":"","width":"","height":""}],"twitter_card":"summary_large_image","twitter_misc":{"Est. reading time":"1 minute"},"schema":{"@context":"https:\/\/schema.org","@graph":[{"@type":"WebPage","@id":"https:\/\/www.smperinatal.com\/index.php\/contacto\/","url":"https:\/\/www.smperinatal.com\/index.php\/contacto\/","name":"Contacto - Salud Mental Perinatal - Alicia Navarro Moreno","isPartOf":{"@id":"https:\/\/www.smperinatal.com\/#website"},"primaryImageOfPage":{"@id":"https:\/\/www.smperinatal.com\/index.php\/contacto\/#primaryimage"},"image":{"@id":"https:\/\/www.smperinatal.com\/index.php\/contacto\/#primaryimage"},"thumbnailUrl":"https:\/\/www.smperinatal.com\/wp-content\/uploads\/2025\/09\/telefono.png","datePublished":"2025-04-07T11:32:07+00:00","dateModified":"2025-09-25T08:55:37+00:00","breadcrumb":{"@id":"https:\/\/www.smperinatal.com\/index.php\/contacto\/#breadcrumb"},"inLanguage":"en-US","potentialAction":[{"@type":"ReadAction","target":["https:\/\/www.smperinatal.com\/index.php\/contacto\/"]}]},{"@type":"ImageObject","inLanguage":"en-US","@id":"https:\/\/www.smperinatal.com\/index.php\/contacto\/#primaryimage","url":"https:\/\/www.smperinatal.com\/wp-content\/uploads\/2025\/09\/telefono.png","contentUrl":"https:\/\/www.smperinatal.com\/wp-content\/uploads\/2025\/09\/telefono.png","width":322,"height":57},{"@type":"BreadcrumbList","@id":"https:\/\/www.smperinatal.com\/index.php\/contacto\/#breadcrumb","itemListElement":[{"@type":"ListItem","position":1,"name":"Home","item":"https:\/\/www.smperinatal.com\/"},{"@type":"ListItem","position":2,"name":"Contacto"}]},{"@type":"WebSite","@id":"https:\/\/www.smperinatal.com\/#website","url":"https:\/\/www.smperinatal.com\/","name":"Salud Mental Perinatal: Alicia Navarro Moreno Psiquiatra","description":"Salud mental perinatal en M\u00e1laga: acompa\u00f1amiento emocional para madres y familias.","publisher":{"@id":"https:\/\/www.smperinatal.com\/#\/schema\/person\/7706b2e33fca510bda6baf2504fd9c3f"},"potentialAction":[{"@type":"SearchAction","target":{"@type":"EntryPoint","urlTemplate":"https:\/\/www.smperinatal.com\/?s={search_term_string}"},"query-input":{"@type":"PropertyValueSpecification","valueRequired":true,"valueName":"search_term_string"}}],"inLanguage":"en-US"},{"@type":["Person","Organization"],"@id":"https:\/\/www.smperinatal.com\/#\/schema\/person\/7706b2e33fca510bda6baf2504fd9c3f","name":"Alicia","image":{"@type":"ImageObject","inLanguage":"en-US","@id":"https:\/\/www.smperinatal.com\/#\/schema\/person\/image\/","url":"https:\/\/www.smperinatal.com\/wp-content\/uploads\/2025\/04\/logo_smperinatal_alicia.png","contentUrl":"https:\/\/www.smperinatal.com\/wp-content\/uploads\/2025\/04\/logo_smperinatal_alicia.png","width":1304,"height":400,"caption":"Alicia"},"logo":{"@id":"https:\/\/www.smperinatal.com\/#\/schema\/person\/image\/"},"sameAs":["http:\/\/www.smperinatal.com"]}]}},"_links":{"self":[{"href":"https:\/\/www.smperinatal.com\/index.php\/wp-json\/wp\/v2\/pages\/71","targetHints":{"allow":["GET"]}}],"collection":[{"href":"https:\/\/www.smperinatal.com\/index.php\/wp-json\/wp\/v2\/pages"}],"about":[{"href":"https:\/\/www.smperinatal.com\/index.php\/wp-json\/wp\/v2\/types\/page"}],"author":[{"embeddable":true,"href":"https:\/\/www.smperinatal.com\/index.php\/wp-json\/wp\/v2\/users\/1"}],"replies":[{"embeddable":true,"href":"https:\/\/www.smperinatal.com\/index.php\/wp-json\/wp\/v2\/comments?post=71"}],"version-history":[{"count":52,"href":"https:\/\/www.smperinatal.com\/index.php\/wp-json\/wp\/v2\/pages\/71\/revisions"}],"predecessor-version":[{"id":433,"href":"https:\/\/www.smperinatal.com\/index.php\/wp-json\/wp\/v2\/pages\/71\/revisions\/433"}],"wp:attachment":[{"href":"https:\/\/www.smperinatal.com\/index.php\/wp-json\/wp\/v2\/media?parent=71"}],"curies":[{"name":"wp","href":"https:\/\/api.w.org\/{rel}","templated":true}]}}