{"id":68,"date":"2025-04-07T13:31:47","date_gmt":"2025-04-07T11:31:47","guid":{"rendered":"https:\/\/www.smperinatal.com\/?page_id=68"},"modified":"2025-07-02T11:38:16","modified_gmt":"2025-07-02T09:38:16","slug":"servicios","status":"publish","type":"page","link":"https:\/\/www.smperinatal.com\/index.php\/servicios\/","title":{"rendered":"Servicios y Tarifas"},"content":{"rendered":"\n<div class=\"wp-block-group alignfull has-global-padding is-layout-constrained wp-block-group-is-layout-constrained\">\n<div class=\"wp-block-group alignwide is-vertical is-layout-flex wp-container-core-group-is-layout-fe9cc265 wp-block-group-is-layout-flex\">\n<h1 class=\"wp-block-heading\">Servicios y Tarifas<\/h1>\n\n\n\n<p>Valoraci\u00f3n y tratamiento psicofarmacol\u00f3gico y psicoterap\u00e9utico previo a la concepci\u00f3n, durante el embarazo y posparto (hasta dos a\u00f1os \u00a1o m\u00e1s!) poniendo la perspectiva perinatal, sist\u00e9mica, de g\u00e9nero, de apego y trauma a tu servicio:<\/p>\n\n\n\n<div class=\"wp-block-columns alignwide is-layout-flex wp-container-core-columns-is-layout-ea69a204 wp-block-columns-is-layout-flex\">\n<div class=\"wp-block-column is-layout-flow wp-container-core-column-is-layout-7ce91f8e wp-block-column-is-layout-flow\" style=\"padding-top:0;padding-right:0;padding-bottom:0;padding-left:0\">\n<div class=\"wp-block-group has-accent-4-background-color has-background has-global-padding is-layout-constrained wp-container-core-group-is-layout-59fff9e0 wp-block-group-is-layout-constrained\" style=\"border-radius:16px;margin-top:var(--wp--preset--spacing--20);margin-bottom:var(--wp--preset--spacing--20);padding-top:var(--wp--preset--spacing--40);padding-right:var(--wp--preset--spacing--40);padding-bottom:var(--wp--preset--spacing--40);padding-left:var(--wp--preset--spacing--40)\">\n<h4 class=\"wp-block-heading has-contrast-color has-text-color has-link-color has-nunito-font-family has-medium-font-size wp-elements-0dbf6199b54fca3efc87c25d32693dd7\" style=\"font-style:normal;font-weight:400\">Acompa\u00f1amiento emocional de las dificultades en la concepci\u00f3n<\/h4>\n<\/div>\n\n\n\n<div class=\"wp-block-group has-accent-4-background-color has-background has-global-padding is-layout-constrained wp-container-core-group-is-layout-59fff9e0 wp-block-group-is-layout-constrained\" style=\"border-radius:16px;margin-top:var(--wp--preset--spacing--20);margin-bottom:var(--wp--preset--spacing--20);padding-top:var(--wp--preset--spacing--40);padding-right:var(--wp--preset--spacing--40);padding-bottom:var(--wp--preset--spacing--40);padding-left:var(--wp--preset--spacing--40)\">\n<h4 class=\"wp-block-heading has-contrast-color has-text-color has-link-color has-nunito-font-family has-medium-font-size wp-elements-2347330cf831e5f6d1fa932ffb20e3bc\" style=\"font-style:normal;font-weight:400\">Tratamiento de las secuelas emocionales del parto traum\u00e1tico<\/h4>\n<\/div>\n\n\n\n<div class=\"wp-block-group has-accent-4-background-color has-background has-global-padding is-layout-constrained wp-container-core-group-is-layout-59fff9e0 wp-block-group-is-layout-constrained\" style=\"border-radius:16px;margin-top:var(--wp--preset--spacing--20);margin-bottom:var(--wp--preset--spacing--20);padding-top:var(--wp--preset--spacing--40);padding-right:var(--wp--preset--spacing--40);padding-bottom:var(--wp--preset--spacing--40);padding-left:var(--wp--preset--spacing--40)\">\n<h4 class=\"wp-block-heading has-contrast-color has-text-color has-link-color has-nunito-font-family has-medium-font-size wp-elements-ddc332ee5088ffb4658c974d0261fe97\" style=\"font-style:normal;font-weight:400\">Trastorno bipolar durante el embarazo y posparto<\/h4>\n<\/div>\n\n\n\n<div class=\"wp-block-group has-accent-4-background-color has-background has-global-padding is-layout-constrained wp-container-core-group-is-layout-59fff9e0 wp-block-group-is-layout-constrained\" style=\"border-radius:16px;margin-top:var(--wp--preset--spacing--20);margin-bottom:var(--wp--preset--spacing--20);padding-top:var(--wp--preset--spacing--40);padding-right:var(--wp--preset--spacing--40);padding-bottom:var(--wp--preset--spacing--40);padding-left:var(--wp--preset--spacing--40)\">\n<h4 class=\"wp-block-heading has-contrast-color has-text-color has-link-color has-nunito-font-family has-medium-font-size wp-elements-734f4e54400657d262cb3ae56e269642\" style=\"font-style:normal;font-weight:400\">Duelo perinatal<\/h4>\n<\/div>\n<\/div>\n\n\n\n<div class=\"wp-block-column is-layout-flow wp-block-column-is-layout-flow\">\n<div class=\"wp-block-group has-accent-4-background-color has-background has-global-padding is-layout-constrained wp-container-core-group-is-layout-59fff9e0 wp-block-group-is-layout-constrained\" style=\"border-radius:16px;margin-top:var(--wp--preset--spacing--20);margin-bottom:var(--wp--preset--spacing--20);padding-top:var(--wp--preset--spacing--40);padding-right:var(--wp--preset--spacing--40);padding-bottom:var(--wp--preset--spacing--40);padding-left:var(--wp--preset--spacing--40)\">\n<h4 class=\"wp-block-heading has-contrast-color has-text-color has-link-color has-nunito-font-family has-medium-font-size wp-elements-76a7f37b286cf5e0fc03289a07c326e8\" style=\"font-style:normal;font-weight:400\">Ansiedad y depresi\u00f3n durante el embarazo y posparto<\/h4>\n<\/div>\n\n\n\n<div class=\"wp-block-group has-accent-4-background-color has-background has-global-padding is-layout-constrained wp-container-core-group-is-layout-59fff9e0 wp-block-group-is-layout-constrained\" style=\"border-radius:16px;margin-top:var(--wp--preset--spacing--20);margin-bottom:var(--wp--preset--spacing--20);padding-top:var(--wp--preset--spacing--40);padding-right:var(--wp--preset--spacing--40);padding-bottom:var(--wp--preset--spacing--40);padding-left:var(--wp--preset--spacing--40)\">\n<h4 class=\"wp-block-heading has-contrast-color has-text-color has-link-color has-nunito-font-family has-medium-font-size wp-elements-be777f736014f8aef87241197c970d2e\" style=\"font-style:normal;font-weight:400\">TOC durante el embarazo y posparto<\/h4>\n<\/div>\n\n\n\n<div class=\"wp-block-group has-accent-4-background-color has-background has-global-padding is-layout-constrained wp-container-core-group-is-layout-59fff9e0 wp-block-group-is-layout-constrained\" style=\"border-radius:16px;margin-top:var(--wp--preset--spacing--20);margin-bottom:var(--wp--preset--spacing--20);padding-top:var(--wp--preset--spacing--40);padding-right:var(--wp--preset--spacing--40);padding-bottom:var(--wp--preset--spacing--40);padding-left:var(--wp--preset--spacing--40)\">\n<h4 class=\"wp-block-heading has-contrast-color has-text-color has-link-color has-nunito-font-family has-medium-font-size wp-elements-9aacf82a35d917f48be426059ab8a3a6\" style=\"font-style:normal;font-weight:400\">Dificultades en la vinculaci\u00f3n con el beb\u00e9<\/h4>\n<\/div>\n<\/div>\n\n\n\n<div class=\"wp-block-column is-layout-flow wp-block-column-is-layout-flow\">\n<div class=\"wp-block-group has-accent-4-background-color has-background has-global-padding is-layout-constrained wp-container-core-group-is-layout-59fff9e0 wp-block-group-is-layout-constrained\" style=\"border-radius:16px;margin-top:var(--wp--preset--spacing--20);margin-bottom:var(--wp--preset--spacing--20);padding-top:var(--wp--preset--spacing--40);padding-right:var(--wp--preset--spacing--40);padding-bottom:var(--wp--preset--spacing--40);padding-left:var(--wp--preset--spacing--40)\">\n<h4 class=\"wp-block-heading has-contrast-color has-text-color has-link-color has-nunito-font-family has-medium-font-size wp-elements-0375d5ddfd436605e9f167ef520c3b79\" style=\"font-style:normal;font-weight:400\">Insomnio grave durante el embarazo y posparto<\/h4>\n<\/div>\n\n\n\n<div class=\"wp-block-group has-accent-4-background-color has-background has-global-padding is-layout-constrained wp-container-core-group-is-layout-59fff9e0 wp-block-group-is-layout-constrained\" style=\"border-radius:16px;margin-top:var(--wp--preset--spacing--20);margin-bottom:var(--wp--preset--spacing--20);padding-top:var(--wp--preset--spacing--40);padding-right:var(--wp--preset--spacing--40);padding-bottom:var(--wp--preset--spacing--40);padding-left:var(--wp--preset--spacing--40)\">\n<h4 class=\"wp-block-heading has-contrast-color has-text-color has-link-color has-nunito-font-family has-medium-font-size wp-elements-feb1f9a4845f76304de7df9fae61f4c1\" style=\"font-style:normal;font-weight:400\">Psicosis durante el embarazo y posparto<\/h4>\n<\/div>\n\n\n\n<div class=\"wp-block-group has-accent-4-background-color has-background has-global-padding is-layout-constrained wp-container-core-group-is-layout-59fff9e0 wp-block-group-is-layout-constrained\" style=\"border-radius:16px;margin-top:var(--wp--preset--spacing--20);margin-bottom:var(--wp--preset--spacing--20);padding-top:var(--wp--preset--spacing--40);padding-right:var(--wp--preset--spacing--40);padding-bottom:var(--wp--preset--spacing--40);padding-left:var(--wp--preset--spacing--40)\">\n<h4 class=\"wp-block-heading has-contrast-color has-text-color has-link-color has-nunito-font-family has-medium-font-size wp-elements-0160ea5fc4be38f455ba494e744af49a\" style=\"font-style:normal;font-weight:400\">Dificultades en la transici\u00f3n a la ma(pa)ternidad<\/h4>\n<\/div>\n<\/div>\n<\/div>\n<\/div>\n<\/div>\n\n\n\n<div class=\"wp-block-group alignfull has-global-padding is-layout-constrained wp-container-core-group-is-layout-ee9c5fc7 wp-block-group-is-layout-constrained\" style=\"margin-top:var(--wp--preset--spacing--50);margin-bottom:var(--wp--preset--spacing--50);padding-top:var(--wp--preset--spacing--50);padding-bottom:var(--wp--preset--spacing--50)\">\n<h2 class=\"wp-block-heading has-text-align-center\">Tarifas<\/h2>\n\n\n\n<div class=\"wp-block-columns alignwide are-vertically-aligned-center is-layout-flex wp-container-core-columns-is-layout-28f84493 wp-block-columns-is-layout-flex\">\n<div class=\"wp-block-column is-vertically-aligned-center is-layout-flow wp-block-column-is-layout-flow\">\n<figure class=\"wp-block-table is-style-regular has-small-font-size\"><table class=\"has-border-color has-base-border-color has-fixed-layout\"><tbody><tr><td>Modalidad:<\/td><td>Presencial en M\u00e1laga u online<\/td><\/tr><tr><td>Duraci\u00f3n:<\/td><td>1 hora<\/td><\/tr><tr><td>Precio:<\/td><td>120\u20ac (efectivo, transferencia o bizum)<\/td><\/tr><tr><td>Frecuencia:<\/td><td>Adaptada a tus necesidades<\/td><\/tr><\/tbody><\/table><\/figure>\n\n\n\n<div class=\"wp-block-buttons is-layout-flex wp-block-buttons-is-layout-flex\">\n<div class=\"wp-block-button\"><a class=\"wp-block-button__link wp-element-button\" href=\"https:\/\/www.smperinatal.com\/index.php\/contacto\/\">Primera cita<\/a><\/div>\n<\/div>\n<\/div>\n\n\n\n<div class=\"wp-block-column is-vertically-aligned-center is-layout-flow wp-block-column-is-layout-flow\">\n<figure class=\"wp-block-image size-full\"><img loading=\"lazy\" decoding=\"async\" width=\"426\" height=\"273\" src=\"https:\/\/www.smperinatal.com\/wp-content\/uploads\/2025\/04\/smperinatal-Consulta-y-tarifas.png\" alt=\"\" class=\"wp-image-85\" srcset=\"https:\/\/www.smperinatal.com\/wp-content\/uploads\/2025\/04\/smperinatal-Consulta-y-tarifas.png 426w, https:\/\/www.smperinatal.com\/wp-content\/uploads\/2025\/04\/smperinatal-Consulta-y-tarifas-300x192.png 300w\" sizes=\"auto, (max-width: 426px) 100vw, 426px\" \/><\/figure>\n<\/div>\n<\/div>\n<\/div>\n","protected":false},"excerpt":{"rendered":"<p>Servicios y Tarifas Valoraci\u00f3n y tratamiento psicofarmacol\u00f3gico y psicoterap\u00e9utico previo a la concepci\u00f3n, durante el embarazo y posparto (hasta dos a\u00f1os \u00a1o m\u00e1s!) poniendo la perspectiva perinatal, sist\u00e9mica, de g\u00e9nero, de apego y trauma a tu servicio: Acompa\u00f1amiento emocional de las dificultades en la concepci\u00f3n Tratamiento de las secuelas emocionales del parto traum\u00e1tico Trastorno bipolar [&hellip;]<\/p>\n","protected":false},"author":1,"featured_media":0,"parent":0,"menu_order":0,"comment_status":"closed","ping_status":"closed","template":"page-no-title","meta":{"footnotes":""},"class_list":["post-68","page","type-page","status-publish","hentry"],"yoast_head":"<!-- This site is optimized with the Yoast SEO plugin v25.5 - https:\/\/yoast.com\/wordpress\/plugins\/seo\/ -->\n<title>Servicios y Tarifas - Salud Mental Perinatal - Alicia Navarro Moreno<\/title>\n<meta name=\"robots\" content=\"index, follow, max-snippet:-1, max-image-preview:large, max-video-preview:-1\" \/>\n<link rel=\"canonical\" href=\"https:\/\/www.smperinatal.com\/index.php\/servicios\/\" \/>\n<meta property=\"og:locale\" content=\"en_US\" \/>\n<meta property=\"og:type\" content=\"article\" \/>\n<meta property=\"og:title\" content=\"Servicios y Tarifas - Salud Mental Perinatal - Alicia Navarro Moreno\" \/>\n<meta property=\"og:description\" content=\"Servicios y Tarifas Valoraci\u00f3n y tratamiento psicofarmacol\u00f3gico y psicoterap\u00e9utico previo a la concepci\u00f3n, durante el embarazo y posparto (hasta dos a\u00f1os \u00a1o m\u00e1s!) poniendo la perspectiva perinatal, sist\u00e9mica, de g\u00e9nero, de apego y trauma a tu servicio: Acompa\u00f1amiento emocional de las dificultades en la concepci\u00f3n Tratamiento de las secuelas emocionales del parto traum\u00e1tico Trastorno bipolar [&hellip;]\" \/>\n<meta property=\"og:url\" content=\"https:\/\/www.smperinatal.com\/index.php\/servicios\/\" \/>\n<meta property=\"og:site_name\" content=\"Salud Mental Perinatal - Alicia Navarro Moreno\" \/>\n<meta property=\"article:modified_time\" content=\"2025-07-02T09:38:16+00:00\" \/>\n<meta property=\"og:image\" content=\"https:\/\/www.smperinatal.com\/wp-content\/uploads\/2025\/04\/smperinatal-Consulta-y-tarifas.png\" \/>\n<meta name=\"twitter:card\" content=\"summary_large_image\" \/>\n<meta name=\"twitter:label1\" content=\"Est. reading time\" \/>\n\t<meta name=\"twitter:data1\" content=\"1 minute\" \/>\n<script type=\"application\/ld+json\" class=\"yoast-schema-graph\">{\"@context\":\"https:\/\/schema.org\",\"@graph\":[{\"@type\":\"WebPage\",\"@id\":\"https:\/\/www.smperinatal.com\/index.php\/servicios\/\",\"url\":\"https:\/\/www.smperinatal.com\/index.php\/servicios\/\",\"name\":\"Servicios y Tarifas - Salud Mental Perinatal - Alicia Navarro Moreno\",\"isPartOf\":{\"@id\":\"https:\/\/www.smperinatal.com\/#website\"},\"primaryImageOfPage\":{\"@id\":\"https:\/\/www.smperinatal.com\/index.php\/servicios\/#primaryimage\"},\"image\":{\"@id\":\"https:\/\/www.smperinatal.com\/index.php\/servicios\/#primaryimage\"},\"thumbnailUrl\":\"https:\/\/www.smperinatal.com\/wp-content\/uploads\/2025\/04\/smperinatal-Consulta-y-tarifas.png\",\"datePublished\":\"2025-04-07T11:31:47+00:00\",\"dateModified\":\"2025-07-02T09:38:16+00:00\",\"breadcrumb\":{\"@id\":\"https:\/\/www.smperinatal.com\/index.php\/servicios\/#breadcrumb\"},\"inLanguage\":\"en-US\",\"potentialAction\":[{\"@type\":\"ReadAction\",\"target\":[\"https:\/\/www.smperinatal.com\/index.php\/servicios\/\"]}]},{\"@type\":\"ImageObject\",\"inLanguage\":\"en-US\",\"@id\":\"https:\/\/www.smperinatal.com\/index.php\/servicios\/#primaryimage\",\"url\":\"https:\/\/www.smperinatal.com\/wp-content\/uploads\/2025\/04\/smperinatal-Consulta-y-tarifas.png\",\"contentUrl\":\"https:\/\/www.smperinatal.com\/wp-content\/uploads\/2025\/04\/smperinatal-Consulta-y-tarifas.png\",\"width\":426,\"height\":273},{\"@type\":\"BreadcrumbList\",\"@id\":\"https:\/\/www.smperinatal.com\/index.php\/servicios\/#breadcrumb\",\"itemListElement\":[{\"@type\":\"ListItem\",\"position\":1,\"name\":\"Home\",\"item\":\"https:\/\/www.smperinatal.com\/\"},{\"@type\":\"ListItem\",\"position\":2,\"name\":\"Servicios y Tarifas\"}]},{\"@type\":\"WebSite\",\"@id\":\"https:\/\/www.smperinatal.com\/#website\",\"url\":\"https:\/\/www.smperinatal.com\/\",\"name\":\"Salud Mental Perinatal: Alicia Navarro Moreno Psiquiatra\",\"description\":\"Salud mental perinatal en M\u00e1laga: acompa\u00f1amiento emocional para madres y familias.\",\"publisher\":{\"@id\":\"https:\/\/www.smperinatal.com\/#\/schema\/person\/7706b2e33fca510bda6baf2504fd9c3f\"},\"potentialAction\":[{\"@type\":\"SearchAction\",\"target\":{\"@type\":\"EntryPoint\",\"urlTemplate\":\"https:\/\/www.smperinatal.com\/?s={search_term_string}\"},\"query-input\":{\"@type\":\"PropertyValueSpecification\",\"valueRequired\":true,\"valueName\":\"search_term_string\"}}],\"inLanguage\":\"en-US\"},{\"@type\":[\"Person\",\"Organization\"],\"@id\":\"https:\/\/www.smperinatal.com\/#\/schema\/person\/7706b2e33fca510bda6baf2504fd9c3f\",\"name\":\"Alicia\",\"image\":{\"@type\":\"ImageObject\",\"inLanguage\":\"en-US\",\"@id\":\"https:\/\/www.smperinatal.com\/#\/schema\/person\/image\/\",\"url\":\"https:\/\/www.smperinatal.com\/wp-content\/uploads\/2025\/04\/logo_smperinatal_alicia.png\",\"contentUrl\":\"https:\/\/www.smperinatal.com\/wp-content\/uploads\/2025\/04\/logo_smperinatal_alicia.png\",\"width\":1304,\"height\":400,\"caption\":\"Alicia\"},\"logo\":{\"@id\":\"https:\/\/www.smperinatal.com\/#\/schema\/person\/image\/\"},\"sameAs\":[\"http:\/\/www.smperinatal.com\"]}]}<\/script>\n<!-- \/ Yoast SEO plugin. -->","yoast_head_json":{"title":"Servicios y Tarifas - Salud Mental Perinatal - Alicia Navarro Moreno","robots":{"index":"index","follow":"follow","max-snippet":"max-snippet:-1","max-image-preview":"max-image-preview:large","max-video-preview":"max-video-preview:-1"},"canonical":"https:\/\/www.smperinatal.com\/index.php\/servicios\/","og_locale":"en_US","og_type":"article","og_title":"Servicios y Tarifas - Salud Mental Perinatal - Alicia Navarro Moreno","og_description":"Servicios y Tarifas Valoraci\u00f3n y tratamiento psicofarmacol\u00f3gico y psicoterap\u00e9utico previo a la concepci\u00f3n, durante el embarazo y posparto (hasta dos a\u00f1os \u00a1o m\u00e1s!) poniendo la perspectiva perinatal, sist\u00e9mica, de g\u00e9nero, de apego y trauma a tu servicio: Acompa\u00f1amiento emocional de las dificultades en la concepci\u00f3n Tratamiento de las secuelas emocionales del parto traum\u00e1tico Trastorno bipolar [&hellip;]","og_url":"https:\/\/www.smperinatal.com\/index.php\/servicios\/","og_site_name":"Salud Mental Perinatal - Alicia Navarro Moreno","article_modified_time":"2025-07-02T09:38:16+00:00","og_image":[{"url":"https:\/\/www.smperinatal.com\/wp-content\/uploads\/2025\/04\/smperinatal-Consulta-y-tarifas.png","type":"","width":"","height":""}],"twitter_card":"summary_large_image","twitter_misc":{"Est. reading time":"1 minute"},"schema":{"@context":"https:\/\/schema.org","@graph":[{"@type":"WebPage","@id":"https:\/\/www.smperinatal.com\/index.php\/servicios\/","url":"https:\/\/www.smperinatal.com\/index.php\/servicios\/","name":"Servicios y Tarifas - Salud Mental Perinatal - Alicia Navarro Moreno","isPartOf":{"@id":"https:\/\/www.smperinatal.com\/#website"},"primaryImageOfPage":{"@id":"https:\/\/www.smperinatal.com\/index.php\/servicios\/#primaryimage"},"image":{"@id":"https:\/\/www.smperinatal.com\/index.php\/servicios\/#primaryimage"},"thumbnailUrl":"https:\/\/www.smperinatal.com\/wp-content\/uploads\/2025\/04\/smperinatal-Consulta-y-tarifas.png","datePublished":"2025-04-07T11:31:47+00:00","dateModified":"2025-07-02T09:38:16+00:00","breadcrumb":{"@id":"https:\/\/www.smperinatal.com\/index.php\/servicios\/#breadcrumb"},"inLanguage":"en-US","potentialAction":[{"@type":"ReadAction","target":["https:\/\/www.smperinatal.com\/index.php\/servicios\/"]}]},{"@type":"ImageObject","inLanguage":"en-US","@id":"https:\/\/www.smperinatal.com\/index.php\/servicios\/#primaryimage","url":"https:\/\/www.smperinatal.com\/wp-content\/uploads\/2025\/04\/smperinatal-Consulta-y-tarifas.png","contentUrl":"https:\/\/www.smperinatal.com\/wp-content\/uploads\/2025\/04\/smperinatal-Consulta-y-tarifas.png","width":426,"height":273},{"@type":"BreadcrumbList","@id":"https:\/\/www.smperinatal.com\/index.php\/servicios\/#breadcrumb","itemListElement":[{"@type":"ListItem","position":1,"name":"Home","item":"https:\/\/www.smperinatal.com\/"},{"@type":"ListItem","position":2,"name":"Servicios y Tarifas"}]},{"@type":"WebSite","@id":"https:\/\/www.smperinatal.com\/#website","url":"https:\/\/www.smperinatal.com\/","name":"Salud Mental Perinatal: Alicia Navarro Moreno Psiquiatra","description":"Salud mental perinatal en M\u00e1laga: acompa\u00f1amiento emocional para madres y familias.","publisher":{"@id":"https:\/\/www.smperinatal.com\/#\/schema\/person\/7706b2e33fca510bda6baf2504fd9c3f"},"potentialAction":[{"@type":"SearchAction","target":{"@type":"EntryPoint","urlTemplate":"https:\/\/www.smperinatal.com\/?s={search_term_string}"},"query-input":{"@type":"PropertyValueSpecification","valueRequired":true,"valueName":"search_term_string"}}],"inLanguage":"en-US"},{"@type":["Person","Organization"],"@id":"https:\/\/www.smperinatal.com\/#\/schema\/person\/7706b2e33fca510bda6baf2504fd9c3f","name":"Alicia","image":{"@type":"ImageObject","inLanguage":"en-US","@id":"https:\/\/www.smperinatal.com\/#\/schema\/person\/image\/","url":"https:\/\/www.smperinatal.com\/wp-content\/uploads\/2025\/04\/logo_smperinatal_alicia.png","contentUrl":"https:\/\/www.smperinatal.com\/wp-content\/uploads\/2025\/04\/logo_smperinatal_alicia.png","width":1304,"height":400,"caption":"Alicia"},"logo":{"@id":"https:\/\/www.smperinatal.com\/#\/schema\/person\/image\/"},"sameAs":["http:\/\/www.smperinatal.com"]}]}},"_links":{"self":[{"href":"https:\/\/www.smperinatal.com\/index.php\/wp-json\/wp\/v2\/pages\/68","targetHints":{"allow":["GET"]}}],"collection":[{"href":"https:\/\/www.smperinatal.com\/index.php\/wp-json\/wp\/v2\/pages"}],"about":[{"href":"https:\/\/www.smperinatal.com\/index.php\/wp-json\/wp\/v2\/types\/page"}],"author":[{"embeddable":true,"href":"https:\/\/www.smperinatal.com\/index.php\/wp-json\/wp\/v2\/users\/1"}],"replies":[{"embeddable":true,"href":"https:\/\/www.smperinatal.com\/index.php\/wp-json\/wp\/v2\/comments?post=68"}],"version-history":[{"count":12,"href":"https:\/\/www.smperinatal.com\/index.php\/wp-json\/wp\/v2\/pages\/68\/revisions"}],"predecessor-version":[{"id":368,"href":"https:\/\/www.smperinatal.com\/index.php\/wp-json\/wp\/v2\/pages\/68\/revisions\/368"}],"wp:attachment":[{"href":"https:\/\/www.smperinatal.com\/index.php\/wp-json\/wp\/v2\/media?parent=68"}],"curies":[{"name":"wp","href":"https:\/\/api.w.org\/{rel}","templated":true}]}}