{"id":287,"date":"2025-06-11T17:52:36","date_gmt":"2025-06-11T15:52:36","guid":{"rendered":"https:\/\/www.smperinatal.com\/?page_id=287"},"modified":"2025-07-02T10:52:35","modified_gmt":"2025-07-02T08:52:35","slug":"blog-perinatal","status":"publish","type":"page","link":"https:\/\/www.smperinatal.com\/index.php\/blog-perinatal\/","title":{"rendered":"Blog Perinatal"},"content":{"rendered":"<h1 class=\"wp-block-post-title\">Blog Perinatal<\/h1>\n\n\n<div class=\"wp-block-group alignfull has-accent-4-background-color has-background has-global-padding is-layout-constrained wp-block-group-is-layout-constrained\" style=\"padding-top:var(--wp--preset--spacing--50);padding-bottom:var(--wp--preset--spacing--50)\">\n<div class=\"wp-block-group alignwide is-layout-flow wp-block-group-is-layout-flow\">\n<p>En este espacio encontrar\u00e1s art\u00edculos, recursos y gu\u00edas sobre salud mental perinatal, embarazo, postparto y crianza.<\/p>\n\n\n\n<p>Nuestro objetivo es ofrecer informaci\u00f3n rigurosa, cercana y actualizada para acompa\u00f1ar a madres, padres y familias durante uno de los momentos m\u00e1s importantes de sus vidas.<\/p>\n\n\n\n<p>\ud83d\udccc Hablamos de:<\/p>\n\n\n\n<ul class=\"wp-block-list\">\n<li>Salud mental durante el embarazo y el postparto<\/li>\n\n\n\n<li>Depresi\u00f3n y ansiedad perinatal<\/li>\n\n\n\n<li>Bienestar emocional en la maternidad<\/li>\n\n\n\n<li>V\u00ednculo madre-beb\u00e9<\/li>\n\n\n\n<li>Crianza respetuosa y autocuidado<\/li>\n<\/ul>\n\n\n\n<p>Cuidar la salud mental es cuidar la vida que comienza. Te invitamos a explorar los art\u00edculos, descubrir herramientas \u00fatiles y encontrar el apoyo que necesitas.<\/p>\n<\/div>\n<\/div>\n\n\n\n<div class=\"wp-block-group alignwide is-layout-flow wp-block-group-is-layout-flow\">\n<div class=\"wp-block-query is-layout-flow wp-block-query-is-layout-flow\"><ul class=\"wp-block-post-template is-layout-flow wp-block-post-template-is-layout-flow\"><li class=\"wp-block-post post-417 post type-post status-publish format-standard has-post-thumbnail hentry category-salud-mental\">\n\n<div class=\"wp-block-columns are-vertically-aligned-center has-border-color is-layout-flex wp-container-core-columns-is-layout-0d2466c3 wp-block-columns-is-layout-flex\" style=\"border-color:#cdd1dc;border-width:1px;border-radius:16px;padding-top:var(--wp--preset--spacing--20);padding-right:var(--wp--preset--spacing--20);padding-bottom:var(--wp--preset--spacing--20);padding-left:var(--wp--preset--spacing--20)\">\n<div class=\"wp-block-column is-vertically-aligned-center is-layout-flow wp-block-column-is-layout-flow\"><figure class=\"wp-block-post-featured-image\"><a href=\"https:\/\/www.smperinatal.com\/index.php\/2025\/09\/22\/suicidio-etapa-perinatal-depresion-posparto-prevencion\/\" target=\"_self\"  ><img loading=\"lazy\" decoding=\"async\" width=\"1080\" height=\"1080\" src=\"https:\/\/www.smperinatal.com\/wp-content\/uploads\/2025\/09\/20250923_154236_0000.png\" class=\"attachment-post-thumbnail size-post-thumbnail wp-post-image\" alt=\"Depresi\u00f3n posparto y suicidio en la etapa perinatal: un problema invisible y las claves para su prevenci\u00f3n\" style=\"object-fit:cover;\" srcset=\"https:\/\/www.smperinatal.com\/wp-content\/uploads\/2025\/09\/20250923_154236_0000.png 1080w, https:\/\/www.smperinatal.com\/wp-content\/uploads\/2025\/09\/20250923_154236_0000-300x300.png 300w, https:\/\/www.smperinatal.com\/wp-content\/uploads\/2025\/09\/20250923_154236_0000-1024x1024.png 1024w, https:\/\/www.smperinatal.com\/wp-content\/uploads\/2025\/09\/20250923_154236_0000-150x150.png 150w, https:\/\/www.smperinatal.com\/wp-content\/uploads\/2025\/09\/20250923_154236_0000-768x768.png 768w\" sizes=\"auto, (max-width: 1080px) 100vw, 1080px\" \/><\/a><\/figure><\/div>\n\n\n\n<div class=\"wp-block-column is-vertically-aligned-center is-layout-flow wp-block-column-is-layout-flow\"><div class=\"has-link-color wp-elements-cbe3aaeb4463dd4254847ba4e387c00e wp-block-post-date has-text-color has-contrast-color\"><time datetime=\"2025-09-22T12:56:01+02:00\">22 September 2025<\/time><\/div>\n\n<h2 class=\"wp-block-post-title\"><a href=\"https:\/\/www.smperinatal.com\/index.php\/2025\/09\/22\/suicidio-etapa-perinatal-depresion-posparto-prevencion\/\" target=\"_self\" >Depresi\u00f3n posparto y suicidio en la etapa perinatal: un problema invisible y las claves para su prevenci\u00f3n<\/a><\/h2>\n\n<div class=\"wp-block-post-excerpt\"><p class=\"wp-block-post-excerpt__excerpt\">Poco a poco el suicidio es un tema menos tab\u00fa, a\u00fan as\u00ed, hablar de suicidio nunca es f\u00e1cil. Menos a\u00fan, hablar de suicidio en la etapa perinatal. En la conciencia colectiva persiste la idea de que embarazo y posparto son momentos protegidos frente a la enfermedad mental, nada m\u00e1s lejos de la realidad: resulta ser<\/p><p class=\"wp-block-post-excerpt__more-text\"><a class=\"wp-block-post-excerpt__more-link\" href=\"https:\/\/www.smperinatal.com\/index.php\/2025\/09\/22\/suicidio-etapa-perinatal-depresion-posparto-prevencion\/\">Leer m\u00e1s \u2192<\/a><\/p><\/div><\/div>\n<\/div>\n\n<\/li><li class=\"wp-block-post post-405 post type-post status-publish format-standard has-post-thumbnail hentry category-salud-mental\">\n\n<div class=\"wp-block-columns are-vertically-aligned-center has-border-color is-layout-flex wp-container-core-columns-is-layout-0d2466c3 wp-block-columns-is-layout-flex\" style=\"border-color:#cdd1dc;border-width:1px;border-radius:16px;padding-top:var(--wp--preset--spacing--20);padding-right:var(--wp--preset--spacing--20);padding-bottom:var(--wp--preset--spacing--20);padding-left:var(--wp--preset--spacing--20)\">\n<div class=\"wp-block-column is-vertically-aligned-center is-layout-flow wp-block-column-is-layout-flow\"><figure class=\"wp-block-post-featured-image\"><a href=\"https:\/\/www.smperinatal.com\/index.php\/2025\/07\/23\/como-se-trata-la-depresion-posparto\/\" target=\"_self\"  ><img loading=\"lazy\" decoding=\"async\" width=\"2560\" height=\"1200\" src=\"https:\/\/www.smperinatal.com\/wp-content\/uploads\/2025\/06\/SMPERINATAL_Post_illustration_salud-menbtal.png\" class=\"attachment-post-thumbnail size-post-thumbnail wp-post-image\" alt=\"\u00bfC\u00f3mo se trata la depresi\u00f3n posparto?\" style=\"object-fit:cover;\" srcset=\"https:\/\/www.smperinatal.com\/wp-content\/uploads\/2025\/06\/SMPERINATAL_Post_illustration_salud-menbtal.png 2560w, https:\/\/www.smperinatal.com\/wp-content\/uploads\/2025\/06\/SMPERINATAL_Post_illustration_salud-menbtal-300x141.png 300w, https:\/\/www.smperinatal.com\/wp-content\/uploads\/2025\/06\/SMPERINATAL_Post_illustration_salud-menbtal-1024x480.png 1024w, https:\/\/www.smperinatal.com\/wp-content\/uploads\/2025\/06\/SMPERINATAL_Post_illustration_salud-menbtal-768x360.png 768w, https:\/\/www.smperinatal.com\/wp-content\/uploads\/2025\/06\/SMPERINATAL_Post_illustration_salud-menbtal-1536x720.png 1536w, https:\/\/www.smperinatal.com\/wp-content\/uploads\/2025\/06\/SMPERINATAL_Post_illustration_salud-menbtal-2048x960.png 2048w\" sizes=\"auto, (max-width: 2560px) 100vw, 2560px\" \/><\/a><\/figure><\/div>\n\n\n\n<div class=\"wp-block-column is-vertically-aligned-center is-layout-flow wp-block-column-is-layout-flow\"><div class=\"has-link-color wp-elements-cbe3aaeb4463dd4254847ba4e387c00e wp-block-post-date has-text-color has-contrast-color\"><time datetime=\"2025-07-23T09:19:09+02:00\">23 July 2025<\/time><\/div>\n\n<h2 class=\"wp-block-post-title\"><a href=\"https:\/\/www.smperinatal.com\/index.php\/2025\/07\/23\/como-se-trata-la-depresion-posparto\/\" target=\"_self\" >\u00bfC\u00f3mo se trata la depresi\u00f3n posparto?<\/a><\/h2>\n\n<div class=\"wp-block-post-excerpt\"><p class=\"wp-block-post-excerpt__excerpt\">La depresi\u00f3n posparto debe tratarse siempre y sin excepci\u00f3n. No es un estado pasajero que \u201cse pasa solo\u201d ni algo que se solucione con fuerza de voluntad. Se trata de un trastorno del estado de \u00e1nimo que requiere intervenci\u00f3n profesional, y cuanto antes se act\u00fae, mejor ser\u00e1 la evoluci\u00f3n. El tratamiento depender\u00e1 de la intensidad<\/p><p class=\"wp-block-post-excerpt__more-text\"><a class=\"wp-block-post-excerpt__more-link\" href=\"https:\/\/www.smperinatal.com\/index.php\/2025\/07\/23\/como-se-trata-la-depresion-posparto\/\">Leer m\u00e1s \u2192<\/a><\/p><\/div><\/div>\n<\/div>\n\n<\/li><li class=\"wp-block-post post-318 post type-post status-publish format-standard has-post-thumbnail hentry category-depresion-posparto category-salud-mental\">\n\n<div class=\"wp-block-columns are-vertically-aligned-center has-border-color is-layout-flex wp-container-core-columns-is-layout-0d2466c3 wp-block-columns-is-layout-flex\" style=\"border-color:#cdd1dc;border-width:1px;border-radius:16px;padding-top:var(--wp--preset--spacing--20);padding-right:var(--wp--preset--spacing--20);padding-bottom:var(--wp--preset--spacing--20);padding-left:var(--wp--preset--spacing--20)\">\n<div class=\"wp-block-column is-vertically-aligned-center is-layout-flow wp-block-column-is-layout-flow\"><figure class=\"wp-block-post-featured-image\"><a href=\"https:\/\/www.smperinatal.com\/index.php\/2025\/07\/05\/sintomas-de-depresion-posparto-como-detectarlos-y-cuando-pedir-ayuda-profesional\/\" target=\"_self\"  ><img loading=\"lazy\" decoding=\"async\" width=\"2560\" height=\"1200\" src=\"https:\/\/www.smperinatal.com\/wp-content\/uploads\/2025\/06\/SMPERINATAL_Post_illustration_salud-menbtal.png\" class=\"attachment-post-thumbnail size-post-thumbnail wp-post-image\" alt=\"S\u00edntomas de depresi\u00f3n posparto: c\u00f3mo detectarlos y cu\u00e1ndo pedir ayuda profesional\" style=\"object-fit:cover;\" srcset=\"https:\/\/www.smperinatal.com\/wp-content\/uploads\/2025\/06\/SMPERINATAL_Post_illustration_salud-menbtal.png 2560w, https:\/\/www.smperinatal.com\/wp-content\/uploads\/2025\/06\/SMPERINATAL_Post_illustration_salud-menbtal-300x141.png 300w, https:\/\/www.smperinatal.com\/wp-content\/uploads\/2025\/06\/SMPERINATAL_Post_illustration_salud-menbtal-1024x480.png 1024w, https:\/\/www.smperinatal.com\/wp-content\/uploads\/2025\/06\/SMPERINATAL_Post_illustration_salud-menbtal-768x360.png 768w, https:\/\/www.smperinatal.com\/wp-content\/uploads\/2025\/06\/SMPERINATAL_Post_illustration_salud-menbtal-1536x720.png 1536w, https:\/\/www.smperinatal.com\/wp-content\/uploads\/2025\/06\/SMPERINATAL_Post_illustration_salud-menbtal-2048x960.png 2048w\" sizes=\"auto, (max-width: 2560px) 100vw, 2560px\" \/><\/a><\/figure><\/div>\n\n\n\n<div class=\"wp-block-column is-vertically-aligned-center is-layout-flow wp-block-column-is-layout-flow\"><div class=\"has-link-color wp-elements-cbe3aaeb4463dd4254847ba4e387c00e wp-block-post-date has-text-color has-contrast-color\"><time datetime=\"2025-07-05T09:21:11+02:00\">5 July 2025<\/time><\/div>\n\n<h2 class=\"wp-block-post-title\"><a href=\"https:\/\/www.smperinatal.com\/index.php\/2025\/07\/05\/sintomas-de-depresion-posparto-como-detectarlos-y-cuando-pedir-ayuda-profesional\/\" target=\"_self\" >S\u00edntomas de depresi\u00f3n posparto: c\u00f3mo detectarlos y cu\u00e1ndo pedir ayuda profesional<\/a><\/h2>\n\n<div class=\"wp-block-post-excerpt\"><p class=\"wp-block-post-excerpt__excerpt\">La depresi\u00f3n posparto es una realidad mucho m\u00e1s com\u00fan de lo que parece, aunque a menudo se viva en silencio. Una de cada cinco mujeres sufre alg\u00fan tipo de trastorno mental durante el embarazo o tras el parto, siendo la depresi\u00f3n y la ansiedad los m\u00e1s frecuentes. Por ello es muy importante conocer los principales<\/p><p class=\"wp-block-post-excerpt__more-text\"><a class=\"wp-block-post-excerpt__more-link\" href=\"https:\/\/www.smperinatal.com\/index.php\/2025\/07\/05\/sintomas-de-depresion-posparto-como-detectarlos-y-cuando-pedir-ayuda-profesional\/\">Leer m\u00e1s \u2192<\/a><\/p><\/div><\/div>\n<\/div>\n\n<\/li><li class=\"wp-block-post post-300 post type-post status-publish format-standard has-post-thumbnail hentry category-salud-mental\">\n\n<div class=\"wp-block-columns are-vertically-aligned-center has-border-color is-layout-flex wp-container-core-columns-is-layout-0d2466c3 wp-block-columns-is-layout-flex\" style=\"border-color:#cdd1dc;border-width:1px;border-radius:16px;padding-top:var(--wp--preset--spacing--20);padding-right:var(--wp--preset--spacing--20);padding-bottom:var(--wp--preset--spacing--20);padding-left:var(--wp--preset--spacing--20)\">\n<div class=\"wp-block-column is-vertically-aligned-center is-layout-flow wp-block-column-is-layout-flow\"><figure class=\"wp-block-post-featured-image\"><a href=\"https:\/\/www.smperinatal.com\/index.php\/2025\/06\/11\/cuidar-la-mente-cuidar-la-vida-la-salud-mental-perinatal\/\" target=\"_self\"  ><img loading=\"lazy\" decoding=\"async\" width=\"2560\" height=\"1200\" src=\"https:\/\/www.smperinatal.com\/wp-content\/uploads\/2025\/06\/SMPERINATAL_Post_illustration_salud-menbtal.png\" class=\"attachment-post-thumbnail size-post-thumbnail wp-post-image\" alt=\"Cuidar la mente, cuidar la vida: la salud mental perinatal\" style=\"object-fit:cover;\" srcset=\"https:\/\/www.smperinatal.com\/wp-content\/uploads\/2025\/06\/SMPERINATAL_Post_illustration_salud-menbtal.png 2560w, https:\/\/www.smperinatal.com\/wp-content\/uploads\/2025\/06\/SMPERINATAL_Post_illustration_salud-menbtal-300x141.png 300w, https:\/\/www.smperinatal.com\/wp-content\/uploads\/2025\/06\/SMPERINATAL_Post_illustration_salud-menbtal-1024x480.png 1024w, https:\/\/www.smperinatal.com\/wp-content\/uploads\/2025\/06\/SMPERINATAL_Post_illustration_salud-menbtal-768x360.png 768w, https:\/\/www.smperinatal.com\/wp-content\/uploads\/2025\/06\/SMPERINATAL_Post_illustration_salud-menbtal-1536x720.png 1536w, https:\/\/www.smperinatal.com\/wp-content\/uploads\/2025\/06\/SMPERINATAL_Post_illustration_salud-menbtal-2048x960.png 2048w\" sizes=\"auto, (max-width: 2560px) 100vw, 2560px\" \/><\/a><\/figure><\/div>\n\n\n\n<div class=\"wp-block-column is-vertically-aligned-center is-layout-flow wp-block-column-is-layout-flow\"><div class=\"has-link-color wp-elements-cbe3aaeb4463dd4254847ba4e387c00e wp-block-post-date has-text-color has-contrast-color\"><time datetime=\"2025-06-11T18:08:36+02:00\">11 June 2025<\/time><\/div>\n\n<h2 class=\"wp-block-post-title\"><a href=\"https:\/\/www.smperinatal.com\/index.php\/2025\/06\/11\/cuidar-la-mente-cuidar-la-vida-la-salud-mental-perinatal\/\" target=\"_self\" >Cuidar la mente, cuidar la vida: la salud mental perinatal<\/a><\/h2>\n\n<div class=\"wp-block-post-excerpt\"><p class=\"wp-block-post-excerpt__excerpt\">La maternidad es un viaje lleno de emociones, cambios y desaf\u00edos. La salud mental perinatal abarca todo el periodo que rodea el embarazo: desde el deseo de ser madre, la gestaci\u00f3n, el parto, el postparto y los primeros a\u00f1os de crianza. Durante este tiempo, es normal experimentar una gran variedad de emociones o sentimientos: alegr\u00eda,<\/p><p class=\"wp-block-post-excerpt__more-text\"><a class=\"wp-block-post-excerpt__more-link\" href=\"https:\/\/www.smperinatal.com\/index.php\/2025\/06\/11\/cuidar-la-mente-cuidar-la-vida-la-salud-mental-perinatal\/\">Leer m\u00e1s \u2192<\/a><\/p><\/div><\/div>\n<\/div>\n\n<\/li><li class=\"wp-block-post post-291 post type-post status-publish format-standard has-post-thumbnail hentry category-salud-mental\">\n\n<div class=\"wp-block-columns are-vertically-aligned-center has-border-color is-layout-flex wp-container-core-columns-is-layout-0d2466c3 wp-block-columns-is-layout-flex\" style=\"border-color:#cdd1dc;border-width:1px;border-radius:16px;padding-top:var(--wp--preset--spacing--20);padding-right:var(--wp--preset--spacing--20);padding-bottom:var(--wp--preset--spacing--20);padding-left:var(--wp--preset--spacing--20)\">\n<div class=\"wp-block-column is-vertically-aligned-center is-layout-flow wp-block-column-is-layout-flow\"><figure class=\"wp-block-post-featured-image\"><a href=\"https:\/\/www.smperinatal.com\/index.php\/2025\/06\/11\/entendiendo-los-trastornos-emocionales-durante-el-embarazo-y-el-postparto\/\" target=\"_self\"  ><img loading=\"lazy\" decoding=\"async\" width=\"2560\" height=\"1200\" src=\"https:\/\/www.smperinatal.com\/wp-content\/uploads\/2025\/06\/SMPERINATAL_Post_illustration_embarazo.png\" class=\"attachment-post-thumbnail size-post-thumbnail wp-post-image\" alt=\"Entendiendo los trastornos emocionales durante el embarazo y el postparto\" style=\"object-fit:cover;\" srcset=\"https:\/\/www.smperinatal.com\/wp-content\/uploads\/2025\/06\/SMPERINATAL_Post_illustration_embarazo.png 2560w, https:\/\/www.smperinatal.com\/wp-content\/uploads\/2025\/06\/SMPERINATAL_Post_illustration_embarazo-300x141.png 300w, https:\/\/www.smperinatal.com\/wp-content\/uploads\/2025\/06\/SMPERINATAL_Post_illustration_embarazo-1024x480.png 1024w, https:\/\/www.smperinatal.com\/wp-content\/uploads\/2025\/06\/SMPERINATAL_Post_illustration_embarazo-768x360.png 768w, https:\/\/www.smperinatal.com\/wp-content\/uploads\/2025\/06\/SMPERINATAL_Post_illustration_embarazo-1536x720.png 1536w, https:\/\/www.smperinatal.com\/wp-content\/uploads\/2025\/06\/SMPERINATAL_Post_illustration_embarazo-2048x960.png 2048w\" sizes=\"auto, (max-width: 2560px) 100vw, 2560px\" \/><\/a><\/figure><\/div>\n\n\n\n<div class=\"wp-block-column is-vertically-aligned-center is-layout-flow wp-block-column-is-layout-flow\"><div class=\"has-link-color wp-elements-cbe3aaeb4463dd4254847ba4e387c00e wp-block-post-date has-text-color has-contrast-color\"><time datetime=\"2025-06-11T17:48:44+02:00\">11 June 2025<\/time><\/div>\n\n<h2 class=\"wp-block-post-title\"><a href=\"https:\/\/www.smperinatal.com\/index.php\/2025\/06\/11\/entendiendo-los-trastornos-emocionales-durante-el-embarazo-y-el-postparto\/\" target=\"_self\" >Entendiendo los trastornos emocionales durante el embarazo y el postparto<\/a><\/h2>\n\n<div class=\"wp-block-post-excerpt\"><p class=\"wp-block-post-excerpt__excerpt\">Aunque tradicionalmente se habla mucho de la parte f\u00edsica del embarazo, muchas veces se deja de lado la esfera emocional. Sin embargo, durante el embarazo y el postparto pueden aparecer diversas alteraciones emocionales que es importante conocer. Algunos de los trastornos m\u00e1s comunes son: \u00bfCu\u00e1ndo buscar ayuda? Pedir ayuda profesional es un acto de valent\u00eda.<\/p><p class=\"wp-block-post-excerpt__more-text\"><a class=\"wp-block-post-excerpt__more-link\" href=\"https:\/\/www.smperinatal.com\/index.php\/2025\/06\/11\/entendiendo-los-trastornos-emocionales-durante-el-embarazo-y-el-postparto\/\">Leer m\u00e1s \u2192<\/a><\/p><\/div><\/div>\n<\/div>\n\n<\/li><\/ul>\n\n\n\n<\/div>\n<\/div>\n","protected":false},"excerpt":{"rendered":"<p>En este espacio encontrar\u00e1s art\u00edculos, recursos y gu\u00edas sobre salud mental perinatal, embarazo, postparto y crianza. Nuestro objetivo es ofrecer informaci\u00f3n rigurosa, cercana y actualizada para acompa\u00f1ar a madres, padres y familias durante uno de los momentos m\u00e1s importantes de sus vidas. \ud83d\udccc Hablamos de: Cuidar la salud mental es cuidar la vida que comienza. [&hellip;]<\/p>\n","protected":false},"author":1,"featured_media":0,"parent":0,"menu_order":0,"comment_status":"closed","ping_status":"closed","template":"page-no-title","meta":{"footnotes":""},"class_list":["post-287","page","type-page","status-publish","hentry"],"yoast_head":"<!-- This site is optimized with the Yoast SEO plugin v25.5 - https:\/\/yoast.com\/wordpress\/plugins\/seo\/ -->\n<title>Blog Perinatal - Salud Mental Perinatal - Alicia Navarro Moreno<\/title>\n<meta name=\"robots\" content=\"index, follow, max-snippet:-1, max-image-preview:large, max-video-preview:-1\" \/>\n<link rel=\"canonical\" href=\"https:\/\/www.smperinatal.com\/index.php\/blog-perinatal\/\" \/>\n<meta property=\"og:locale\" content=\"en_US\" \/>\n<meta property=\"og:type\" content=\"article\" \/>\n<meta property=\"og:title\" content=\"Blog Perinatal - Salud Mental Perinatal - Alicia Navarro Moreno\" \/>\n<meta property=\"og:description\" content=\"En este espacio encontrar\u00e1s art\u00edculos, recursos y gu\u00edas sobre salud mental perinatal, embarazo, postparto y crianza. Nuestro objetivo es ofrecer informaci\u00f3n rigurosa, cercana y actualizada para acompa\u00f1ar a madres, padres y familias durante uno de los momentos m\u00e1s importantes de sus vidas. \ud83d\udccc Hablamos de: Cuidar la salud mental es cuidar la vida que comienza. [&hellip;]\" \/>\n<meta property=\"og:url\" content=\"https:\/\/www.smperinatal.com\/index.php\/blog-perinatal\/\" \/>\n<meta property=\"og:site_name\" content=\"Salud Mental Perinatal - Alicia Navarro Moreno\" \/>\n<meta property=\"article:modified_time\" content=\"2025-07-02T08:52:35+00:00\" \/>\n<meta name=\"twitter:card\" content=\"summary_large_image\" \/>\n<meta name=\"twitter:label1\" content=\"Est. reading time\" \/>\n\t<meta name=\"twitter:data1\" content=\"1 minute\" \/>\n<script type=\"application\/ld+json\" class=\"yoast-schema-graph\">{\"@context\":\"https:\/\/schema.org\",\"@graph\":[{\"@type\":\"WebPage\",\"@id\":\"https:\/\/www.smperinatal.com\/index.php\/blog-perinatal\/\",\"url\":\"https:\/\/www.smperinatal.com\/index.php\/blog-perinatal\/\",\"name\":\"Blog Perinatal - Salud Mental Perinatal - Alicia Navarro Moreno\",\"isPartOf\":{\"@id\":\"https:\/\/www.smperinatal.com\/#website\"},\"datePublished\":\"2025-06-11T15:52:36+00:00\",\"dateModified\":\"2025-07-02T08:52:35+00:00\",\"breadcrumb\":{\"@id\":\"https:\/\/www.smperinatal.com\/index.php\/blog-perinatal\/#breadcrumb\"},\"inLanguage\":\"en-US\",\"potentialAction\":[{\"@type\":\"ReadAction\",\"target\":[\"https:\/\/www.smperinatal.com\/index.php\/blog-perinatal\/\"]}]},{\"@type\":\"BreadcrumbList\",\"@id\":\"https:\/\/www.smperinatal.com\/index.php\/blog-perinatal\/#breadcrumb\",\"itemListElement\":[{\"@type\":\"ListItem\",\"position\":1,\"name\":\"Home\",\"item\":\"https:\/\/www.smperinatal.com\/\"},{\"@type\":\"ListItem\",\"position\":2,\"name\":\"Blog Perinatal\"}]},{\"@type\":\"WebSite\",\"@id\":\"https:\/\/www.smperinatal.com\/#website\",\"url\":\"https:\/\/www.smperinatal.com\/\",\"name\":\"Salud Mental Perinatal: Alicia Navarro Moreno Psiquiatra\",\"description\":\"Salud mental perinatal en M\u00e1laga: acompa\u00f1amiento emocional para madres y familias.\",\"publisher\":{\"@id\":\"https:\/\/www.smperinatal.com\/#\/schema\/person\/7706b2e33fca510bda6baf2504fd9c3f\"},\"potentialAction\":[{\"@type\":\"SearchAction\",\"target\":{\"@type\":\"EntryPoint\",\"urlTemplate\":\"https:\/\/www.smperinatal.com\/?s={search_term_string}\"},\"query-input\":{\"@type\":\"PropertyValueSpecification\",\"valueRequired\":true,\"valueName\":\"search_term_string\"}}],\"inLanguage\":\"en-US\"},{\"@type\":[\"Person\",\"Organization\"],\"@id\":\"https:\/\/www.smperinatal.com\/#\/schema\/person\/7706b2e33fca510bda6baf2504fd9c3f\",\"name\":\"Alicia\",\"image\":{\"@type\":\"ImageObject\",\"inLanguage\":\"en-US\",\"@id\":\"https:\/\/www.smperinatal.com\/#\/schema\/person\/image\/\",\"url\":\"https:\/\/www.smperinatal.com\/wp-content\/uploads\/2025\/04\/logo_smperinatal_alicia.png\",\"contentUrl\":\"https:\/\/www.smperinatal.com\/wp-content\/uploads\/2025\/04\/logo_smperinatal_alicia.png\",\"width\":1304,\"height\":400,\"caption\":\"Alicia\"},\"logo\":{\"@id\":\"https:\/\/www.smperinatal.com\/#\/schema\/person\/image\/\"},\"sameAs\":[\"http:\/\/www.smperinatal.com\"]}]}<\/script>\n<!-- \/ Yoast SEO plugin. -->","yoast_head_json":{"title":"Blog Perinatal - Salud Mental Perinatal - Alicia Navarro Moreno","robots":{"index":"index","follow":"follow","max-snippet":"max-snippet:-1","max-image-preview":"max-image-preview:large","max-video-preview":"max-video-preview:-1"},"canonical":"https:\/\/www.smperinatal.com\/index.php\/blog-perinatal\/","og_locale":"en_US","og_type":"article","og_title":"Blog Perinatal - Salud Mental Perinatal - Alicia Navarro Moreno","og_description":"En este espacio encontrar\u00e1s art\u00edculos, recursos y gu\u00edas sobre salud mental perinatal, embarazo, postparto y crianza. Nuestro objetivo es ofrecer informaci\u00f3n rigurosa, cercana y actualizada para acompa\u00f1ar a madres, padres y familias durante uno de los momentos m\u00e1s importantes de sus vidas. \ud83d\udccc Hablamos de: Cuidar la salud mental es cuidar la vida que comienza. [&hellip;]","og_url":"https:\/\/www.smperinatal.com\/index.php\/blog-perinatal\/","og_site_name":"Salud Mental Perinatal - Alicia Navarro Moreno","article_modified_time":"2025-07-02T08:52:35+00:00","twitter_card":"summary_large_image","twitter_misc":{"Est. reading time":"1 minute"},"schema":{"@context":"https:\/\/schema.org","@graph":[{"@type":"WebPage","@id":"https:\/\/www.smperinatal.com\/index.php\/blog-perinatal\/","url":"https:\/\/www.smperinatal.com\/index.php\/blog-perinatal\/","name":"Blog Perinatal - Salud Mental Perinatal - Alicia Navarro Moreno","isPartOf":{"@id":"https:\/\/www.smperinatal.com\/#website"},"datePublished":"2025-06-11T15:52:36+00:00","dateModified":"2025-07-02T08:52:35+00:00","breadcrumb":{"@id":"https:\/\/www.smperinatal.com\/index.php\/blog-perinatal\/#breadcrumb"},"inLanguage":"en-US","potentialAction":[{"@type":"ReadAction","target":["https:\/\/www.smperinatal.com\/index.php\/blog-perinatal\/"]}]},{"@type":"BreadcrumbList","@id":"https:\/\/www.smperinatal.com\/index.php\/blog-perinatal\/#breadcrumb","itemListElement":[{"@type":"ListItem","position":1,"name":"Home","item":"https:\/\/www.smperinatal.com\/"},{"@type":"ListItem","position":2,"name":"Blog Perinatal"}]},{"@type":"WebSite","@id":"https:\/\/www.smperinatal.com\/#website","url":"https:\/\/www.smperinatal.com\/","name":"Salud Mental Perinatal: Alicia Navarro Moreno Psiquiatra","description":"Salud mental perinatal en M\u00e1laga: acompa\u00f1amiento emocional para madres y familias.","publisher":{"@id":"https:\/\/www.smperinatal.com\/#\/schema\/person\/7706b2e33fca510bda6baf2504fd9c3f"},"potentialAction":[{"@type":"SearchAction","target":{"@type":"EntryPoint","urlTemplate":"https:\/\/www.smperinatal.com\/?s={search_term_string}"},"query-input":{"@type":"PropertyValueSpecification","valueRequired":true,"valueName":"search_term_string"}}],"inLanguage":"en-US"},{"@type":["Person","Organization"],"@id":"https:\/\/www.smperinatal.com\/#\/schema\/person\/7706b2e33fca510bda6baf2504fd9c3f","name":"Alicia","image":{"@type":"ImageObject","inLanguage":"en-US","@id":"https:\/\/www.smperinatal.com\/#\/schema\/person\/image\/","url":"https:\/\/www.smperinatal.com\/wp-content\/uploads\/2025\/04\/logo_smperinatal_alicia.png","contentUrl":"https:\/\/www.smperinatal.com\/wp-content\/uploads\/2025\/04\/logo_smperinatal_alicia.png","width":1304,"height":400,"caption":"Alicia"},"logo":{"@id":"https:\/\/www.smperinatal.com\/#\/schema\/person\/image\/"},"sameAs":["http:\/\/www.smperinatal.com"]}]}},"_links":{"self":[{"href":"https:\/\/www.smperinatal.com\/index.php\/wp-json\/wp\/v2\/pages\/287","targetHints":{"allow":["GET"]}}],"collection":[{"href":"https:\/\/www.smperinatal.com\/index.php\/wp-json\/wp\/v2\/pages"}],"about":[{"href":"https:\/\/www.smperinatal.com\/index.php\/wp-json\/wp\/v2\/types\/page"}],"author":[{"embeddable":true,"href":"https:\/\/www.smperinatal.com\/index.php\/wp-json\/wp\/v2\/users\/1"}],"replies":[{"embeddable":true,"href":"https:\/\/www.smperinatal.com\/index.php\/wp-json\/wp\/v2\/comments?post=287"}],"version-history":[{"count":7,"href":"https:\/\/www.smperinatal.com\/index.php\/wp-json\/wp\/v2\/pages\/287\/revisions"}],"predecessor-version":[{"id":413,"href":"https:\/\/www.smperinatal.com\/index.php\/wp-json\/wp\/v2\/pages\/287\/revisions\/413"}],"wp:attachment":[{"href":"https:\/\/www.smperinatal.com\/index.php\/wp-json\/wp\/v2\/media?parent=287"}],"curies":[{"name":"wp","href":"https:\/\/api.w.org\/{rel}","templated":true}]}}