{"id":241,"date":"2025-04-09T16:13:31","date_gmt":"2025-04-09T14:13:31","guid":{"rendered":"https:\/\/www.smperinatal.com\/?page_id=241"},"modified":"2025-04-10T14:28:41","modified_gmt":"2025-04-10T12:28:41","slug":"enlaces-de-interes","status":"publish","type":"page","link":"https:\/\/www.smperinatal.com\/index.php\/enlaces-de-interes\/","title":{"rendered":"Enlaces de inter\u00e9s"},"content":{"rendered":"\n<div class=\"wp-block-group alignfull has-global-padding is-layout-constrained wp-block-group-is-layout-constrained\">\n<div class=\"wp-block-group alignwide is-vertical is-layout-flex wp-container-core-group-is-layout-355c4241 wp-block-group-is-layout-flex\">\n<h1 class=\"wp-block-heading\">Enlaces de inter\u00e9s<\/h1>\n\n\n\n<p>P\u00e1ginas de inter\u00e9s con informaci\u00f3n sobre Salud Mental Perinatal para profesionales y usuarios<\/p>\n\n\n\n<div class=\"wp-block-group has-accent-4-background-color has-background is-vertical is-layout-flex wp-container-core-group-is-layout-9ae95b83 wp-block-group-is-layout-flex\" style=\"border-radius:16px;padding-top:var(--wp--preset--spacing--50);padding-right:var(--wp--preset--spacing--50);padding-bottom:var(--wp--preset--spacing--50);padding-left:var(--wp--preset--spacing--50)\">\n<figure class=\"wp-block-table\"><table class=\"has-fixed-layout\" style=\"border-style:none;border-width:0px\"><tbody><tr><td><a href=\"https:\/\/saludmentalperinatal.es\/\">Instituto Europeo de Salud Mental Perinatal<\/a><\/td><td>Formaci\u00f3n especializada para profesionales de la salud que atienden a madres, beb\u00e9s y familias.<\/td><\/tr><tr><td><a href=\"https:\/\/www.sociedadmarce.org\/\">Sociedad Marc\u00e9 Espa\u00f1ola<\/a><\/td><td>Asociaci\u00f3n para el estudio, la comprensi\u00f3n, la prevenci\u00f3n y el tratamiento de los trastornos mentales relacionados con el embarazo, parto y posparto.<\/td><\/tr><tr><td><a href=\"https:\/\/www.nimh.nih.gov\/health\/topics\/women-and-mental-health\">National Institute of Mental Health<\/a><\/td><td>Asociaci\u00f3n Americana para la Salud Mental Perinatal (en ingl\u00e9s).<\/td><\/tr><\/tbody><\/table><\/figure>\n<\/div>\n<\/div>\n<\/div>\n","protected":false},"excerpt":{"rendered":"<p>Enlaces de inter\u00e9s P\u00e1ginas de inter\u00e9s con informaci\u00f3n sobre Salud Mental Perinatal para profesionales y usuarios Instituto Europeo de Salud Mental Perinatal Formaci\u00f3n especializada para profesionales de la salud que atienden a madres, beb\u00e9s y familias. Sociedad Marc\u00e9 Espa\u00f1ola Asociaci\u00f3n para el estudio, la comprensi\u00f3n, la prevenci\u00f3n y el tratamiento de los trastornos mentales relacionados [&hellip;]<\/p>\n","protected":false},"author":1,"featured_media":0,"parent":0,"menu_order":0,"comment_status":"closed","ping_status":"closed","template":"page-no-title","meta":{"footnotes":""},"class_list":["post-241","page","type-page","status-publish","hentry"],"yoast_head":"<!-- This site is optimized with the Yoast SEO plugin v25.5 - https:\/\/yoast.com\/wordpress\/plugins\/seo\/ -->\n<title>Enlaces de inter\u00e9s - Salud Mental Perinatal - Alicia Navarro Moreno<\/title>\n<meta name=\"robots\" content=\"index, follow, max-snippet:-1, max-image-preview:large, max-video-preview:-1\" \/>\n<link rel=\"canonical\" href=\"https:\/\/www.smperinatal.com\/index.php\/enlaces-de-interes\/\" \/>\n<meta property=\"og:locale\" content=\"en_US\" \/>\n<meta property=\"og:type\" content=\"article\" \/>\n<meta property=\"og:title\" content=\"Enlaces de inter\u00e9s - Salud Mental Perinatal - Alicia Navarro Moreno\" \/>\n<meta property=\"og:description\" content=\"Enlaces de inter\u00e9s P\u00e1ginas de inter\u00e9s con informaci\u00f3n sobre Salud Mental Perinatal para profesionales y usuarios Instituto Europeo de Salud Mental Perinatal Formaci\u00f3n especializada para profesionales de la salud que atienden a madres, beb\u00e9s y familias. Sociedad Marc\u00e9 Espa\u00f1ola Asociaci\u00f3n para el estudio, la comprensi\u00f3n, la prevenci\u00f3n y el tratamiento de los trastornos mentales relacionados [&hellip;]\" \/>\n<meta property=\"og:url\" content=\"https:\/\/www.smperinatal.com\/index.php\/enlaces-de-interes\/\" \/>\n<meta property=\"og:site_name\" content=\"Salud Mental Perinatal - Alicia Navarro Moreno\" \/>\n<meta property=\"article:modified_time\" content=\"2025-04-10T12:28:41+00:00\" \/>\n<meta name=\"twitter:card\" content=\"summary_large_image\" \/>\n<meta name=\"twitter:label1\" content=\"Est. reading time\" \/>\n\t<meta name=\"twitter:data1\" content=\"1 minute\" \/>\n<script type=\"application\/ld+json\" class=\"yoast-schema-graph\">{\"@context\":\"https:\/\/schema.org\",\"@graph\":[{\"@type\":\"WebPage\",\"@id\":\"https:\/\/www.smperinatal.com\/index.php\/enlaces-de-interes\/\",\"url\":\"https:\/\/www.smperinatal.com\/index.php\/enlaces-de-interes\/\",\"name\":\"Enlaces de inter\u00e9s - Salud Mental Perinatal - Alicia Navarro Moreno\",\"isPartOf\":{\"@id\":\"https:\/\/www.smperinatal.com\/#website\"},\"datePublished\":\"2025-04-09T14:13:31+00:00\",\"dateModified\":\"2025-04-10T12:28:41+00:00\",\"breadcrumb\":{\"@id\":\"https:\/\/www.smperinatal.com\/index.php\/enlaces-de-interes\/#breadcrumb\"},\"inLanguage\":\"en-US\",\"potentialAction\":[{\"@type\":\"ReadAction\",\"target\":[\"https:\/\/www.smperinatal.com\/index.php\/enlaces-de-interes\/\"]}]},{\"@type\":\"BreadcrumbList\",\"@id\":\"https:\/\/www.smperinatal.com\/index.php\/enlaces-de-interes\/#breadcrumb\",\"itemListElement\":[{\"@type\":\"ListItem\",\"position\":1,\"name\":\"Home\",\"item\":\"https:\/\/www.smperinatal.com\/\"},{\"@type\":\"ListItem\",\"position\":2,\"name\":\"Enlaces de inter\u00e9s\"}]},{\"@type\":\"WebSite\",\"@id\":\"https:\/\/www.smperinatal.com\/#website\",\"url\":\"https:\/\/www.smperinatal.com\/\",\"name\":\"Salud Mental Perinatal: Alicia Navarro Moreno Psiquiatra\",\"description\":\"Salud mental perinatal en M\u00e1laga: acompa\u00f1amiento emocional para madres y familias.\",\"publisher\":{\"@id\":\"https:\/\/www.smperinatal.com\/#\/schema\/person\/7706b2e33fca510bda6baf2504fd9c3f\"},\"potentialAction\":[{\"@type\":\"SearchAction\",\"target\":{\"@type\":\"EntryPoint\",\"urlTemplate\":\"https:\/\/www.smperinatal.com\/?s={search_term_string}\"},\"query-input\":{\"@type\":\"PropertyValueSpecification\",\"valueRequired\":true,\"valueName\":\"search_term_string\"}}],\"inLanguage\":\"en-US\"},{\"@type\":[\"Person\",\"Organization\"],\"@id\":\"https:\/\/www.smperinatal.com\/#\/schema\/person\/7706b2e33fca510bda6baf2504fd9c3f\",\"name\":\"Alicia\",\"image\":{\"@type\":\"ImageObject\",\"inLanguage\":\"en-US\",\"@id\":\"https:\/\/www.smperinatal.com\/#\/schema\/person\/image\/\",\"url\":\"https:\/\/www.smperinatal.com\/wp-content\/uploads\/2025\/04\/logo_smperinatal_alicia.png\",\"contentUrl\":\"https:\/\/www.smperinatal.com\/wp-content\/uploads\/2025\/04\/logo_smperinatal_alicia.png\",\"width\":1304,\"height\":400,\"caption\":\"Alicia\"},\"logo\":{\"@id\":\"https:\/\/www.smperinatal.com\/#\/schema\/person\/image\/\"},\"sameAs\":[\"http:\/\/www.smperinatal.com\"]}]}<\/script>\n<!-- \/ Yoast SEO plugin. -->","yoast_head_json":{"title":"Enlaces de inter\u00e9s - Salud Mental Perinatal - Alicia Navarro Moreno","robots":{"index":"index","follow":"follow","max-snippet":"max-snippet:-1","max-image-preview":"max-image-preview:large","max-video-preview":"max-video-preview:-1"},"canonical":"https:\/\/www.smperinatal.com\/index.php\/enlaces-de-interes\/","og_locale":"en_US","og_type":"article","og_title":"Enlaces de inter\u00e9s - Salud Mental Perinatal - Alicia Navarro Moreno","og_description":"Enlaces de inter\u00e9s P\u00e1ginas de inter\u00e9s con informaci\u00f3n sobre Salud Mental Perinatal para profesionales y usuarios Instituto Europeo de Salud Mental Perinatal Formaci\u00f3n especializada para profesionales de la salud que atienden a madres, beb\u00e9s y familias. Sociedad Marc\u00e9 Espa\u00f1ola Asociaci\u00f3n para el estudio, la comprensi\u00f3n, la prevenci\u00f3n y el tratamiento de los trastornos mentales relacionados [&hellip;]","og_url":"https:\/\/www.smperinatal.com\/index.php\/enlaces-de-interes\/","og_site_name":"Salud Mental Perinatal - Alicia Navarro Moreno","article_modified_time":"2025-04-10T12:28:41+00:00","twitter_card":"summary_large_image","twitter_misc":{"Est. reading time":"1 minute"},"schema":{"@context":"https:\/\/schema.org","@graph":[{"@type":"WebPage","@id":"https:\/\/www.smperinatal.com\/index.php\/enlaces-de-interes\/","url":"https:\/\/www.smperinatal.com\/index.php\/enlaces-de-interes\/","name":"Enlaces de inter\u00e9s - Salud Mental Perinatal - Alicia Navarro Moreno","isPartOf":{"@id":"https:\/\/www.smperinatal.com\/#website"},"datePublished":"2025-04-09T14:13:31+00:00","dateModified":"2025-04-10T12:28:41+00:00","breadcrumb":{"@id":"https:\/\/www.smperinatal.com\/index.php\/enlaces-de-interes\/#breadcrumb"},"inLanguage":"en-US","potentialAction":[{"@type":"ReadAction","target":["https:\/\/www.smperinatal.com\/index.php\/enlaces-de-interes\/"]}]},{"@type":"BreadcrumbList","@id":"https:\/\/www.smperinatal.com\/index.php\/enlaces-de-interes\/#breadcrumb","itemListElement":[{"@type":"ListItem","position":1,"name":"Home","item":"https:\/\/www.smperinatal.com\/"},{"@type":"ListItem","position":2,"name":"Enlaces de inter\u00e9s"}]},{"@type":"WebSite","@id":"https:\/\/www.smperinatal.com\/#website","url":"https:\/\/www.smperinatal.com\/","name":"Salud Mental Perinatal: Alicia Navarro Moreno Psiquiatra","description":"Salud mental perinatal en M\u00e1laga: acompa\u00f1amiento emocional para madres y familias.","publisher":{"@id":"https:\/\/www.smperinatal.com\/#\/schema\/person\/7706b2e33fca510bda6baf2504fd9c3f"},"potentialAction":[{"@type":"SearchAction","target":{"@type":"EntryPoint","urlTemplate":"https:\/\/www.smperinatal.com\/?s={search_term_string}"},"query-input":{"@type":"PropertyValueSpecification","valueRequired":true,"valueName":"search_term_string"}}],"inLanguage":"en-US"},{"@type":["Person","Organization"],"@id":"https:\/\/www.smperinatal.com\/#\/schema\/person\/7706b2e33fca510bda6baf2504fd9c3f","name":"Alicia","image":{"@type":"ImageObject","inLanguage":"en-US","@id":"https:\/\/www.smperinatal.com\/#\/schema\/person\/image\/","url":"https:\/\/www.smperinatal.com\/wp-content\/uploads\/2025\/04\/logo_smperinatal_alicia.png","contentUrl":"https:\/\/www.smperinatal.com\/wp-content\/uploads\/2025\/04\/logo_smperinatal_alicia.png","width":1304,"height":400,"caption":"Alicia"},"logo":{"@id":"https:\/\/www.smperinatal.com\/#\/schema\/person\/image\/"},"sameAs":["http:\/\/www.smperinatal.com"]}]}},"_links":{"self":[{"href":"https:\/\/www.smperinatal.com\/index.php\/wp-json\/wp\/v2\/pages\/241","targetHints":{"allow":["GET"]}}],"collection":[{"href":"https:\/\/www.smperinatal.com\/index.php\/wp-json\/wp\/v2\/pages"}],"about":[{"href":"https:\/\/www.smperinatal.com\/index.php\/wp-json\/wp\/v2\/types\/page"}],"author":[{"embeddable":true,"href":"https:\/\/www.smperinatal.com\/index.php\/wp-json\/wp\/v2\/users\/1"}],"replies":[{"embeddable":true,"href":"https:\/\/www.smperinatal.com\/index.php\/wp-json\/wp\/v2\/comments?post=241"}],"version-history":[{"count":8,"href":"https:\/\/www.smperinatal.com\/index.php\/wp-json\/wp\/v2\/pages\/241\/revisions"}],"predecessor-version":[{"id":272,"href":"https:\/\/www.smperinatal.com\/index.php\/wp-json\/wp\/v2\/pages\/241\/revisions\/272"}],"wp:attachment":[{"href":"https:\/\/www.smperinatal.com\/index.php\/wp-json\/wp\/v2\/media?parent=241"}],"curies":[{"name":"wp","href":"https:\/\/api.w.org\/{rel}","templated":true}]}}